{"id":12154,"date":"2018-06-07T11:51:20","date_gmt":"2018-06-07T15:51:20","guid":{"rendered":"https:\/\/routechamplain.ca\/?page_id=12154"},"modified":"2022-06-14T08:31:10","modified_gmt":"2022-06-14T12:31:10","slug":"welcome-on-the-ontario-champlain-scenic-route","status":"publish","type":"page","link":"https:\/\/routechamplain.ca\/en\/home\/welcome-on-the-ontario-champlain-scenic-route\/","title":{"rendered":"Welcome on Ontario&#8217;s Champlain Tourism Route!"},"content":{"rendered":"<p><span class=\"alignnone\"><img loading=\"lazy\" decoding=\"async\" class=\"alignnone wp-image-12656 size-full\" src=\"https:\/\/routechamplain.ca\/wp-content\/uploads\/2019\/01\/logo-RouteChamplain-en-H-e1547760557216.jpg\" alt=\"\" width=\"800\" height=\"283\" \/><\/span><\/p>\n<p>Many adventurers have explored Ontario, but as one of the first, France\u2019s Samuel de Champlain holds a special place.<\/p>\n<p>Champlain was a painstaking cartographer, an avid naturalist interested in the use of plants, an important ethnographer and, above all, a visionary in terms of his intention to establish a New France in America, and in his relationships with First Nations people. For all of these reasons, but perhaps most of all for his commitment to colonization and conciliation throughout his career, particularly to the south of Georgian Bay, historians consider him the father of <a href=\"http:\/\/www.historymuseum.ca\/virtual-museum-of-new-france\/\">New France<\/a>.<\/p>\n<p><strong>Ontario&#8217; Champlain Tourism Route<\/strong> is based on <a href=\"http:\/\/www.historymuseum.ca\/virtual-museum-of-new-france\/the-explorers\/samuel-de-champlain-1604-1616\/\">Champlain<\/a>\u2019s 1615-1616 great expedition. It is built around experiences involving French\/bilingual services that reflect the famous explorer\u2019s adventures and his legacy.<\/p>\n<p>&#8220;<em><strong>Route Champlain<\/strong><\/em>&#8221; is an itinerary replete with products, experiences and attractions, including services in French for local and international tourists.<\/p>\n<p><span class=\"aligncenter\"><img loading=\"lazy\" decoding=\"async\" class=\"aligncenter wp-image-15016 size-large\" src=\"https:\/\/routechamplain.ca\/wp-content\/uploads\/2022\/05\/depliant-champlain-SEO-EN-2022-1-1024x512.jpg\" alt=\"\" width=\"1024\" height=\"512\" \/><\/span><\/p>\n<h5>&#8220;<em>Champlain&#8217;s places of discovery are a world that we may be losing, but they are not yet a world we have lost. It is still possible to explore them by car and plane, by canoe and kayak, by sailboat and zodiac boat, by snowshoe &#8211; and some of the best places are accessible only by foot. At all these many sites we can rediscover this great discoverer by going there, and doing it, and traveling through his space in our time<\/em>.&#8221;<\/h5>\n<p>(David Hackett Fisher, Champlain&#8217;s Dream)<\/p>\n<p>&nbsp;<\/p>\n<div class=\"jetpack-video-wrapper\"><iframe loading=\"lazy\" title=\"Route Champlain 2019\" width=\"1050\" height=\"591\" src=\"https:\/\/www.youtube.com\/embed\/WbQ96fDXJRk?feature=oembed\" frameborder=\"0\" allow=\"accelerometer; autoplay; clipboard-write; encrypted-media; gyroscope; picture-in-picture\" allowfullscreen><\/iframe><\/div>\n<h4 style=\"text-align: center;\">Download the detailed map of Route Champlain here:<\/h4>\n<p><span class=\"aligncenter\"><a href=\"https:\/\/routechamplain.ca\/wp-content\/uploads\/2022\/05\/depliant-champlain-SEO-EN-2022_FINAL.pdf\" target=\"_blank\" rel=\"noopener\"><img loading=\"lazy\" decoding=\"async\" class=\"aligncenter wp-image-15018 size-large\" src=\"https:\/\/routechamplain.ca\/wp-content\/uploads\/2022\/05\/depliant-champlain-SEO-EN-2022-2-1024x512.jpg\" alt=\"\" width=\"1024\" height=\"512\" srcset=\"https:\/\/routechamplain.ca\/wp-content\/uploads\/2022\/05\/depliant-champlain-SEO-EN-2022-2-1024x512.jpg 1024w, https:\/\/routechamplain.ca\/wp-content\/uploads\/2022\/05\/depliant-champlain-SEO-EN-2022-2-300x150.jpg 300w, https:\/\/routechamplain.ca\/wp-content\/uploads\/2022\/05\/depliant-champlain-SEO-EN-2022-2-768x384.jpg 768w, https:\/\/routechamplain.ca\/wp-content\/uploads\/2022\/05\/depliant-champlain-SEO-EN-2022-2-1536x768.jpg 1536w, https:\/\/routechamplain.ca\/wp-content\/uploads\/2022\/05\/depliant-champlain-SEO-EN-2022-2-2048x1024.jpg 2048w, https:\/\/routechamplain.ca\/wp-content\/uploads\/2022\/05\/depliant-champlain-SEO-EN-2022-2-450x225.jpg 450w, https:\/\/routechamplain.ca\/wp-content\/uploads\/2022\/05\/depliant-champlain-SEO-EN-2022-2-1600x800.jpg 1600w\" sizes=\"auto, (max-width: 1024px) 100vw, 1024px\" \/><\/a><\/span><\/p>\n<h4 style=\"text-align: center;\">A project powered by la Soci\u00e9t\u00e9 \u00c9conomique de l&#8217;Ontario (S\u00c9O)<\/h4>\n<p><span class=\"aligncenter\"><img loading=\"lazy\" decoding=\"async\" class=\"aligncenter size-full wp-image-14981\" src=\"https:\/\/routechamplain.ca\/wp-content\/uploads\/2022\/04\/SEO_Logo_Haute-resolution.png\" alt=\"\" width=\"340\" height=\"131\" srcset=\"https:\/\/routechamplain.ca\/wp-content\/uploads\/2022\/04\/SEO_Logo_Haute-resolution.png 340w, https:\/\/routechamplain.ca\/wp-content\/uploads\/2022\/04\/SEO_Logo_Haute-resolution-300x116.png 300w\" sizes=\"auto, (max-width: 340px) 100vw, 340px\" \/><\/span><\/p>\n<h4 style=\"text-align: center;\">Funded by the Government of Ontario<\/h4>\n<p><span class=\"aligncenter\"><img loading=\"lazy\" decoding=\"async\" class=\"size-full wp-image-14687 aligncenter\" src=\"https:\/\/routechamplain.ca\/wp-content\/uploads\/2021\/09\/ON_POS_LOGO_transparent.png\" alt=\"\" width=\"250\" height=\"82\" \/><\/span><\/p>\n<h4 style=\"text-align: center;\">Route Champlain is a PROUD member of:<\/h4>\n<p>&nbsp;<\/p>\n<p><span class=\"aligncenter\"><a href=\"https:\/\/corridorcanada.ca\/?lang=en\" target=\"_blank\" rel=\"noopener\"><img loading=\"lazy\" decoding=\"async\" class=\"aligncenter wp-image-15119 size-medium\" src=\"https:\/\/routechamplain.ca\/wp-content\/uploads\/2022\/06\/RDEE-SalutCanada-Slogan-Mar2022-300x300.png\" alt=\"\" width=\"300\" height=\"300\" srcset=\"https:\/\/routechamplain.ca\/wp-content\/uploads\/2022\/06\/RDEE-SalutCanada-Slogan-Mar2022-300x300.png 300w, https:\/\/routechamplain.ca\/wp-content\/uploads\/2022\/06\/RDEE-SalutCanada-Slogan-Mar2022-1024x1024.png 1024w, https:\/\/routechamplain.ca\/wp-content\/uploads\/2022\/06\/RDEE-SalutCanada-Slogan-Mar2022-150x150.png 150w, https:\/\/routechamplain.ca\/wp-content\/uploads\/2022\/06\/RDEE-SalutCanada-Slogan-Mar2022-768x768.png 768w, https:\/\/routechamplain.ca\/wp-content\/uploads\/2022\/06\/RDEE-SalutCanada-Slogan-Mar2022-450x450.png 450w, https:\/\/routechamplain.ca\/wp-content\/uploads\/2022\/06\/RDEE-SalutCanada-Slogan-Mar2022-800x800.png 800w, https:\/\/routechamplain.ca\/wp-content\/uploads\/2022\/06\/RDEE-SalutCanada-Slogan-Mar2022.png 1080w\" sizes=\"auto, (max-width: 300px) 100vw, 300px\" \/><\/a><\/span><\/p>\n<h5 style=\"text-align: center;\">Discover <a href=\"https:\/\/corridorcanada.ca\/?lang=en\" target=\"_blank\" rel=\"noopener\">Salut Canada<\/a>! An essential guide to planning your trip to Canada in French:<\/h5>\n<p>&nbsp;<\/p>\n<div class=\"jetpack-video-wrapper\"><iframe loading=\"lazy\" title=\"Salut Canada en 5 minutes\" width=\"1050\" height=\"591\" src=\"https:\/\/www.youtube.com\/embed\/EcHBbEuVyck?feature=oembed\" frameborder=\"0\" allow=\"accelerometer; autoplay; clipboard-write; encrypted-media; gyroscope; picture-in-picture\" allowfullscreen><\/iframe><\/div>\n<p>&nbsp;<\/p>\n","protected":false},"excerpt":{"rendered":"<p>Many adventurers have explored Ontario, but as one of the first, France\u2019s Samuel de Champlain holds a special place. Champlain was a painstaking cartographer, an avid naturalist interested in the use of plants, an important ethnographer and, above all, a visionary in terms of his intention to establish a New France in America, and in [&hellip;]<\/p>\n","protected":false},"author":4,"featured_media":14678,"parent":11124,"menu_order":0,"comment_status":"closed","ping_status":"closed","template":"","meta":{"_monsterinsights_skip_tracking":false,"_monsterinsights_sitenote_active":false,"_monsterinsights_sitenote_note":"","_monsterinsights_sitenote_category":0,"footnotes":""},"class_list":["post-12154","page","type-page","status-publish","has-post-thumbnail","hentry"],"jetpack_sharing_enabled":true,"_links":{"self":[{"href":"https:\/\/routechamplain.ca\/en\/wp-json\/wp\/v2\/pages\/12154","targetHints":{"allow":["GET"]}}],"collection":[{"href":"https:\/\/routechamplain.ca\/en\/wp-json\/wp\/v2\/pages"}],"about":[{"href":"https:\/\/routechamplain.ca\/en\/wp-json\/wp\/v2\/types\/page"}],"author":[{"embeddable":true,"href":"https:\/\/routechamplain.ca\/en\/wp-json\/wp\/v2\/users\/4"}],"replies":[{"embeddable":true,"href":"https:\/\/routechamplain.ca\/en\/wp-json\/wp\/v2\/comments?post=12154"}],"version-history":[{"count":19,"href":"https:\/\/routechamplain.ca\/en\/wp-json\/wp\/v2\/pages\/12154\/revisions"}],"predecessor-version":[{"id":15122,"href":"https:\/\/routechamplain.ca\/en\/wp-json\/wp\/v2\/pages\/12154\/revisions\/15122"}],"up":[{"embeddable":true,"href":"https:\/\/routechamplain.ca\/en\/wp-json\/wp\/v2\/pages\/11124"}],"wp:featuredmedia":[{"embeddable":true,"href":"https:\/\/routechamplain.ca\/en\/wp-json\/wp\/v2\/media\/14678"}],"wp:attachment":[{"href":"https:\/\/routechamplain.ca\/en\/wp-json\/wp\/v2\/media?parent=12154"}],"curies":[{"name":"wp","href":"https:\/\/api.w.org\/{rel}","templated":true}]}}