{"id":12662,"date":"2019-01-17T17:07:25","date_gmt":"2019-01-17T22:07:25","guid":{"rendered":"https:\/\/routechamplain.ca\/credits-et-remerciements\/"},"modified":"2021-09-01T13:07:16","modified_gmt":"2021-09-01T17:07:16","slug":"credits-et-remerciements","status":"publish","type":"page","link":"https:\/\/routechamplain.ca\/en\/credits-et-remerciements\/","title":{"rendered":"Credits and Thanks"},"content":{"rendered":"<p><span style=\"font-weight: 400;\">This project has been made possible through funding from the Government of\u00a0 Ontario.<\/span><span style=\"font-weight: 400;\"><br \/>\n<\/span><\/p>\n<p><span class=\"alignnone\"><img loading=\"lazy\" decoding=\"async\" class=\"alignnone size-medium wp-image-12646\" src=\"https:\/\/routechamplain.ca\/wp-content\/uploads\/2019\/01\/Cr\u00e9dits-projet-RTC-300x82.gif\" alt=\"\" width=\"300\" height=\"82\" srcset=\"https:\/\/routechamplain.ca\/wp-content\/uploads\/2019\/01\/Cr\u00e9dits-projet-RTC-300x82.gif 300w, https:\/\/routechamplain.ca\/wp-content\/uploads\/2019\/01\/Cr\u00e9dits-projet-RTC-450x123.gif 450w\" sizes=\"auto, (max-width: 300px) 100vw, 300px\" \/><\/span><\/p>\n<p>This project emerged from the Ministry of Tourism, Culture and Sport new Strategic Framework launched in 2014. The Soci\u00e9t\u00e9 \u00c9conomique de l&#8217;Ontario (previously RD\u00c9E Ontario), has been mandated to develop the Ontario Champlain Scenic Route since 2015.<\/p>\n<h3>A BRIEF INTRODUCTION<\/h3>\n<p>A warm thank you to all those who contributed from near or far to this major project (see list below).<\/p>\n<p>In particular, we would like to thank our close collaborators, our regional and sector tourism partners as well as our certified members from the tourism industry, without whom this project would not exist today.<\/p>\n<p>Thanks again!<\/p>\n<p>The Soci\u00e9t\u00e9 \u00c9conomique de l\u2019Ontario (S\u00c9O)<\/p>\n<h3>THE ONTARIO CHAMPLAIN SCENIC ROUTE<\/h3>\n<h4>PRINCIPAL PARTNERS<\/h4>\n<p><strong>PARTNERS&#8217; COMMITTEE<\/strong><\/p>\n<ul>\n<li><span style=\"color: inherit; font-family: inherit; font-size: inherit;\">Claude Aumont, Partnership Coordinator (Bilingual), Destination Ontario<\/span><\/li>\n<li><span style=\"color: inherit; font-family: inherit; font-size: inherit;\">Ren\u00e9 Beaulne, CEO, AFMO<\/span><\/li>\n<li>Genevi\u00e8ve Blanchet-Frost, Senior Policy &amp; Program Advisor, MTCS<\/li>\n<li><span style=\"color: inherit; font-family: inherit; font-size: inherit;\">Lionel Tona, Strategic Policy Team Lead (Bilingual)\u00a0(<span tabindex=\"0\">Acting<\/span>),\u00a0 Ministry of Francophone Affairs<\/span><\/li>\n<li><span style=\"color: inherit; font-family: inherit; font-size: inherit;\">Catherine Callary, Vice President Destination Development, Ottawa Tourism<\/span><\/li>\n<li><span style=\"color: inherit; font-family: inherit; font-size: inherit;\">Kelly De Fogain, Policy and Research Analyst (Bilingual), Ministry of Francophone Affairs<\/span><\/li>\n<li><span style=\"color: inherit; font-family: inherit; font-size: inherit;\">St\u00e9phanie Fortin, <span lang=\"EN-CA\">Head, Tourism and Group Sales<\/span>, <span lang=\"EN-CA\">Canadian Museum of History and Canadian War Museum<\/span><\/span><\/li>\n<li>Stef McArdle, Instructor, Madawaska Kanu Centre (Owl Rafting)<\/li>\n<\/ul>\n<p><strong>MINISTRY OF TOURISM, CULTURE AND SPORT<\/strong><\/p>\n<ul>\n<li>Richard McKinnell, Assistant Deputy Minister<\/li>\n<li>Genevi\u00e8ve Blanchet-Frost, Conseill\u00e8re principale en politiques et en programmes<\/li>\n<li>J\u00e9r\u00f4me Laflamme, Manager, Tourism Policy and Research Branch (on sabbatical)<\/li>\n<li>Kim Johnson, Manager, Product Development and Investment Services<\/li>\n<\/ul>\n<p><strong>MINISTRY OF FRANCOPHONE AFFAIRS<\/strong><\/p>\n<ul>\n<li>Marie-France Lalonde, former Minister<\/li>\n<li>Kelly Burke, Assistant Deputy Minister (Bilingual)<\/li>\n<li>Carl Bouchard, Director, Policy and Ministry Services Branch (Bilingual)<\/li>\n<li>Simon C\u00f4t\u00e9, Analyst, Policies and research (bilingue)<\/li>\n<\/ul>\n<p><strong>DESTINATION ONTARIO<\/strong><\/p>\n<ul>\n<li>Lisa LaVecchia, President &amp; CEO<\/li>\n<li>Narvin Singh, Director, Partnership &amp; Regional Relations<\/li>\n<li>Julia Holliday, Director, Strategy and Insights<\/li>\n<\/ul>\n<p><strong>TOURISM INDUSTRY ASSOCIATION OF ONTARIO (TIAO)<\/strong><\/p>\n<ul>\n<li>Beth Potter, CEO<\/li>\n<li>Carol Greenwood, Director, Membership &amp; Business Development<\/li>\n<\/ul>\n<p><strong>S\u00c9O<\/strong><\/p>\n<ul>\n<li>Denis Laframboise, President<\/li>\n<li>Pierre Tessier, Executive Director (retired)<\/li>\n<li>Martin Lacelle, Director, Economic Development<\/li>\n<li>Annick Schulz, Director, Communications, Marketing and External Relations<\/li>\n<li>Isabelle de Bruyn, Project Manager, Tourism<\/li>\n<li>Alain Brosius<\/li>\n<li>\u00c8ve-Alexandra St-Laurent<\/li>\n<\/ul>\n<p><strong>REGULAR CONSULTANTS<\/strong><\/p>\n<ul>\n<li>Andr\u00e9anne Joly<\/li>\n<li>Anne-Marie Forcier<\/li>\n<\/ul>\n<p><strong>SERVICE ENTREPRISES<\/strong><\/p>\n<ul>\n<li>Ren\u00e9 Mercier and M\u00e9d\u00e9rique Lalonde, Groupe RG (Design &amp; Web site)<\/li>\n<li>Mark Chatel, Balestra Productions (videos)<\/li>\n<li>Fran\u00e7ois Tessier, Balestra interactif (Web App)<\/li>\n<\/ul>\n","protected":false},"excerpt":{"rendered":"<p>This project has been made possible through funding from the Government of\u00a0 Ontario. This project emerged from the Ministry of Tourism, Culture and Sport new Strategic Framework launched in 2014. The Soci\u00e9t\u00e9 \u00c9conomique de l&#8217;Ontario (previously RD\u00c9E Ontario), has been mandated to develop the Ontario Champlain Scenic Route since 2015. A BRIEF INTRODUCTION A warm [&hellip;]<\/p>\n","protected":false},"author":4,"featured_media":0,"parent":0,"menu_order":0,"comment_status":"closed","ping_status":"closed","template":"","meta":{"_monsterinsights_skip_tracking":false,"_monsterinsights_sitenote_active":false,"_monsterinsights_sitenote_note":"","_monsterinsights_sitenote_category":0,"footnotes":""},"class_list":["post-12662","page","type-page","status-publish","hentry"],"jetpack_sharing_enabled":true,"_links":{"self":[{"href":"https:\/\/routechamplain.ca\/en\/wp-json\/wp\/v2\/pages\/12662","targetHints":{"allow":["GET"]}}],"collection":[{"href":"https:\/\/routechamplain.ca\/en\/wp-json\/wp\/v2\/pages"}],"about":[{"href":"https:\/\/routechamplain.ca\/en\/wp-json\/wp\/v2\/types\/page"}],"author":[{"embeddable":true,"href":"https:\/\/routechamplain.ca\/en\/wp-json\/wp\/v2\/users\/4"}],"replies":[{"embeddable":true,"href":"https:\/\/routechamplain.ca\/en\/wp-json\/wp\/v2\/comments?post=12662"}],"version-history":[{"count":3,"href":"https:\/\/routechamplain.ca\/en\/wp-json\/wp\/v2\/pages\/12662\/revisions"}],"predecessor-version":[{"id":12665,"href":"https:\/\/routechamplain.ca\/en\/wp-json\/wp\/v2\/pages\/12662\/revisions\/12665"}],"wp:attachment":[{"href":"https:\/\/routechamplain.ca\/en\/wp-json\/wp\/v2\/media?parent=12662"}],"curies":[{"name":"wp","href":"https:\/\/api.w.org\/{rel}","templated":true}]}}