{"id":15630,"date":"2022-09-08T20:37:02","date_gmt":"2022-09-09T00:37:02","guid":{"rendered":"https:\/\/routechamplain.ca\/?page_id=15630"},"modified":"2022-09-08T20:58:34","modified_gmt":"2022-09-09T00:58:34","slug":"great-taste-of-ontario","status":"publish","type":"page","link":"https:\/\/routechamplain.ca\/en\/great-taste-of-ontario\/","title":{"rendered":"Great Taste of Ontario"},"content":{"rendered":"<p>Go beyond squeaky cheese curds and embark on an expedition to discover the very best of French-Canadian cuisine in Ontario! From tourti\u00e8re to award winning cheese, cured meats, p\u00e2t\u00e9s, and melt-in-your-mouth macarons, the <strong><a href=\"https:\/\/ontarioculinary.com\/great-taste\/\" rel=\"noopener\" target=\"_blank\">The Great Taste of Ontario<\/a><\/strong> passports below are your ticket to exploring the traditions and distinctly delicious tastes of Franco-Ontarian cuisine.<\/p>\n<p>Download your passport and then plan a road trip somewhere delicious! Each time you check-in to a location on a passport, you\u2019re on your way to some pretty sweet rewards! For every 5 check-ins you collect, you can redeem one $25 Feast On\u00ae Gift Voucher. <a href=\"https:\/\/ontarioculinary.com\/feast-on\/vouchers\" rel=\"noopener\" target=\"_blank\">Terms &#038; conditions apply.<\/a><\/p>\n<link rel=\"stylesheet\" type=\"text\/css\" href=\"https:\/\/discover.ontarioculinary.com\/css\/checkout\/persistent-cart\/persistentCart.css\"><script src=\"https:\/\/discover.ontarioculinary.com\/js\/checkout\/persistent-cart\/persistentCart.js\"><\/script><script>bwpcart.offerId = 1808;bwpcart.partnerId = 340;bwpcart.checkoutUrl = \"https:\/\/discover.ontarioculinary.com\";bwpcart.buildCart();<\/script>\n<div class=\"bwmodule\" data-bwmoduleid=\"16513\"><\/div>\n","protected":false},"excerpt":{"rendered":"<p>Go beyond squeaky cheese curds and embark on an expedition to discover the very best of French-Canadian cuisine in Ontario! From tourti\u00e8re to award winning cheese, cured meats, p\u00e2t\u00e9s, and melt-in-your-mouth macarons, the The Great Taste of Ontario passports below are your ticket to exploring the traditions and distinctly delicious tastes of Franco-Ontarian cuisine. Download [&hellip;]<\/p>\n","protected":false},"author":5311,"featured_media":15638,"parent":0,"menu_order":0,"comment_status":"closed","ping_status":"closed","template":"","meta":{"_monsterinsights_skip_tracking":false,"_monsterinsights_sitenote_active":false,"_monsterinsights_sitenote_note":"","_monsterinsights_sitenote_category":0,"footnotes":""},"class_list":["post-15630","page","type-page","status-publish","has-post-thumbnail","hentry"],"jetpack_sharing_enabled":true,"_links":{"self":[{"href":"https:\/\/routechamplain.ca\/en\/wp-json\/wp\/v2\/pages\/15630","targetHints":{"allow":["GET"]}}],"collection":[{"href":"https:\/\/routechamplain.ca\/en\/wp-json\/wp\/v2\/pages"}],"about":[{"href":"https:\/\/routechamplain.ca\/en\/wp-json\/wp\/v2\/types\/page"}],"author":[{"embeddable":true,"href":"https:\/\/routechamplain.ca\/en\/wp-json\/wp\/v2\/users\/5311"}],"replies":[{"embeddable":true,"href":"https:\/\/routechamplain.ca\/en\/wp-json\/wp\/v2\/comments?post=15630"}],"version-history":[{"count":8,"href":"https:\/\/routechamplain.ca\/en\/wp-json\/wp\/v2\/pages\/15630\/revisions"}],"predecessor-version":[{"id":15642,"href":"https:\/\/routechamplain.ca\/en\/wp-json\/wp\/v2\/pages\/15630\/revisions\/15642"}],"wp:featuredmedia":[{"embeddable":true,"href":"https:\/\/routechamplain.ca\/en\/wp-json\/wp\/v2\/media\/15638"}],"wp:attachment":[{"href":"https:\/\/routechamplain.ca\/en\/wp-json\/wp\/v2\/media?parent=15630"}],"curies":[{"name":"wp","href":"https:\/\/api.w.org\/{rel}","templated":true}]}}